{"id":130,"date":"2019-07-31T20:56:33","date_gmt":"2019-07-31T18:56:33","guid":{"rendered":"http:\/\/www.fernandocorrochano.com\/?page_id=130"},"modified":"2025-04-23T09:13:12","modified_gmt":"2025-04-23T07:13:12","slug":"bienvenidos","status":"publish","type":"page","link":"http:\/\/www.fernandocorrochano.com\/","title":{"rendered":""},"content":{"rendered":"<div class=\"pvc_clear\"><\/div><p id=\"pvc_stats_130\" class=\"pvc_stats total_only  \" data-element-id=\"130\" style=\"\"><i class=\"pvc-stats-icon large\" aria-hidden=\"true\"><svg aria-hidden=\"true\" focusable=\"false\" data-prefix=\"far\" data-icon=\"chart-bar\" role=\"img\" xmlns=\"http:\/\/www.w3.org\/2000\/svg\" viewBox=\"0 0 512 512\" class=\"svg-inline--fa fa-chart-bar fa-w-16 fa-2x\"><path fill=\"currentColor\" d=\"M396.8 352h22.4c6.4 0 12.8-6.4 12.8-12.8V108.8c0-6.4-6.4-12.8-12.8-12.8h-22.4c-6.4 0-12.8 6.4-12.8 12.8v230.4c0 6.4 6.4 12.8 12.8 12.8zm-192 0h22.4c6.4 0 12.8-6.4 12.8-12.8V140.8c0-6.4-6.4-12.8-12.8-12.8h-22.4c-6.4 0-12.8 6.4-12.8 12.8v198.4c0 6.4 6.4 12.8 12.8 12.8zm96 0h22.4c6.4 0 12.8-6.4 12.8-12.8V204.8c0-6.4-6.4-12.8-12.8-12.8h-22.4c-6.4 0-12.8 6.4-12.8 12.8v134.4c0 6.4 6.4 12.8 12.8 12.8zM496 400H48V80c0-8.84-7.16-16-16-16H16C7.16 64 0 71.16 0 80v336c0 17.67 14.33 32 32 32h464c8.84 0 16-7.16 16-16v-16c0-8.84-7.16-16-16-16zm-387.2-48h22.4c6.4 0 12.8-6.4 12.8-12.8v-70.4c0-6.4-6.4-12.8-12.8-12.8h-22.4c-6.4 0-12.8 6.4-12.8 12.8v70.4c0 6.4 6.4 12.8 12.8 12.8z\" class=\"\"><\/path><\/svg><\/i> <img loading=\"lazy\" decoding=\"async\" width=\"16\" height=\"16\" alt=\"Loading\" src=\"http:\/\/www.fernandocorrochano.com\/wp-content\/plugins\/page-views-count\/ajax-loader-2x.gif\" border=0 \/><\/p><div class=\"pvc_clear\"><\/div>\n<div class=\"wp-block-group is-layout-flow wp-block-group-is-layout-flow\"><div class=\"wp-block-group__inner-container\">\n<div class=\"wp-block-group is-layout-flow wp-block-group-is-layout-flow\"><div class=\"wp-block-group__inner-container\">\n<figure class=\"wp-block-pullquote has-text-align-left has-black-color has-text-color has-link-color wp-elements-ef6f100bc89f86b62f7d31a3426c868c\"><blockquote><p>Ante una situaci\u00f3n empresarial compleja, <strong>no es suficiente SOLO una brillante estrategia jur\u00eddica<\/strong> ya que nuestro objetivo no es el fin jur\u00eddicamente impecable del negocio, no es ah\u00ed donde queremos estar.<br><br><strong>No es suficiente SOLO un preciso an\u00e1lisis econ\u00f3mico-financiero<\/strong>, ya que nuestro objetivo va m\u00e1s all\u00e1 del simple,  aunque riguroso,  conocimiento cuantificado sobre d\u00f3nde estamos.<br><br>Todo lo anterior es necesario,<strong> pero \u00abadem\u00e1s de\u00bb y nunca \u00aben lugar de\u00bb.<\/strong><br><br>Nuestro trabajo empieza a\u00f1adiendo al conocimiento espec\u00edfico del negocio, que solo puede aportar el empresario,  nuestra experiencia de <strong>m\u00e1s de 25 a\u00f1os en gesti\u00f3n de crisis<\/strong> en entorno PYME multisectorial y desde posiciones de direcci\u00f3n de primer nivel, es decir,  <strong>el primer paso es un trabajo conjunto con el empresario y con mutua implicaci\u00f3n.<\/strong><br><br>Sobre esta base,  ya a\u00f1adimos la estrategia jurid\u00edca adecuada y el rigor econ\u00f3mico-financiero preciso, para dar una <strong>soluci\u00f3n real<\/strong>, pudiendo contestar a:<br><br>\u00bfD\u00f3nde estamos?<br><br>\u00bfD\u00f3nde queremos estar?<br><br>Y lo m\u00e1s importante,  <br><br><strong>\u00bfQu\u00e9 tenemos que hacer<\/strong>,  para estar d\u00f3nde queremos estar,  <strong>teniendo en cuenta d\u00f3nde estamos?<\/strong><\/p><\/blockquote><\/figure>\n<\/div><\/div>\n\n\n\n<p class=\"has-text-align-center has-vivid-cyan-blue-color has-text-color has-medium-font-size\">INFORMACI\u00d3N PERSONAL , CONFIDENCIAL Y SIN COMPROMISO<\/p>\n\n\n\n<p class=\"has-text-align-center\"><a href=\"mailto:info@fernandocorrochano.com\">info@fernandocorrochano.com<\/a><\/p>\n\n\n\n<p class=\"has-text-align-center\">Tel\u00e9fono 656 189 248<\/p>\n<\/div><\/div>\n\n\n\n<p class=\"has-text-align-center\"><\/p>\n","protected":false},"excerpt":{"rendered":"<div class=\"pvc_clear\"><\/div>\n<p id=\"pvc_stats_130\" class=\"pvc_stats total_only  \" data-element-id=\"130\" style=\"\"><i class=\"pvc-stats-icon large\" aria-hidden=\"true\"><svg aria-hidden=\"true\" focusable=\"false\" data-prefix=\"far\" data-icon=\"chart-bar\" role=\"img\" xmlns=\"http:\/\/www.w3.org\/2000\/svg\" viewBox=\"0 0 512 512\" class=\"svg-inline--fa fa-chart-bar fa-w-16 fa-2x\"><path fill=\"currentColor\" d=\"M396.8 352h22.4c6.4 0 12.8-6.4 12.8-12.8V108.8c0-6.4-6.4-12.8-12.8-12.8h-22.4c-6.4 0-12.8 6.4-12.8 12.8v230.4c0 6.4 6.4 12.8 12.8 12.8zm-192 0h22.4c6.4 0 12.8-6.4 12.8-12.8V140.8c0-6.4-6.4-12.8-12.8-12.8h-22.4c-6.4 0-12.8 6.4-12.8 12.8v198.4c0 6.4 6.4 12.8 12.8 12.8zm96 0h22.4c6.4 0 12.8-6.4 12.8-12.8V204.8c0-6.4-6.4-12.8-12.8-12.8h-22.4c-6.4 0-12.8 6.4-12.8 12.8v134.4c0 6.4 6.4 12.8 12.8 12.8zM496 400H48V80c0-8.84-7.16-16-16-16H16C7.16 64 0 71.16 0 80v336c0 17.67 14.33 32 32 32h464c8.84 0 16-7.16 16-16v-16c0-8.84-7.16-16-16-16zm-387.2-48h22.4c6.4 0 12.8-6.4 12.8-12.8v-70.4c0-6.4-6.4-12.8-12.8-12.8h-22.4c-6.4 0-12.8 6.4-12.8 12.8v70.4c0 6.4 6.4 12.8 12.8 12.8z\" class=\"\"><\/path><\/svg><\/i> <img loading=\"lazy\" decoding=\"async\" width=\"16\" height=\"16\" alt=\"Loading\" src=\"http:\/\/www.fernandocorrochano.com\/wp-content\/plugins\/page-views-count\/ajax-loader-2x.gif\" border=0 \/><\/p>\n<div class=\"pvc_clear\"><\/div>\n<p>Ante una situaci\u00f3n empresarial compleja, no es suficiente SOLO una brillante estrategia jur\u00eddica ya que nuestro objetivo no es el fin jur\u00eddicamente impecable del negocio,&hellip;<\/p>\n","protected":false},"author":1,"featured_media":0,"parent":0,"menu_order":0,"comment_status":"closed","ping_status":"closed","template":"","meta":{"_seopress_robots_primary_cat":"","_seopress_titles_title":"","_seopress_titles_desc":"","_seopress_robots_index":"","footnotes":""},"_links":{"self":[{"href":"http:\/\/www.fernandocorrochano.com\/index.php\/wp-json\/wp\/v2\/pages\/130"}],"collection":[{"href":"http:\/\/www.fernandocorrochano.com\/index.php\/wp-json\/wp\/v2\/pages"}],"about":[{"href":"http:\/\/www.fernandocorrochano.com\/index.php\/wp-json\/wp\/v2\/types\/page"}],"author":[{"embeddable":true,"href":"http:\/\/www.fernandocorrochano.com\/index.php\/wp-json\/wp\/v2\/users\/1"}],"replies":[{"embeddable":true,"href":"http:\/\/www.fernandocorrochano.com\/index.php\/wp-json\/wp\/v2\/comments?post=130"}],"version-history":[{"count":68,"href":"http:\/\/www.fernandocorrochano.com\/index.php\/wp-json\/wp\/v2\/pages\/130\/revisions"}],"predecessor-version":[{"id":440,"href":"http:\/\/www.fernandocorrochano.com\/index.php\/wp-json\/wp\/v2\/pages\/130\/revisions\/440"}],"wp:attachment":[{"href":"http:\/\/www.fernandocorrochano.com\/index.php\/wp-json\/wp\/v2\/media?parent=130"}],"curies":[{"name":"wp","href":"https:\/\/api.w.org\/{rel}","templated":true}]}}