{"id":315,"date":"2022-10-20T18:34:06","date_gmt":"2022-10-20T16:34:06","guid":{"rendered":"http:\/\/www.fernandocorrochano.com\/?page_id=315"},"modified":"2025-04-23T09:16:41","modified_gmt":"2025-04-23T07:16:41","slug":"nuestros-servicios","status":"publish","type":"page","link":"http:\/\/www.fernandocorrochano.com\/index.php\/nuestros-servicios\/","title":{"rendered":"Servicios a Medida"},"content":{"rendered":"<div class=\"pvc_clear\"><\/div><p id=\"pvc_stats_315\" class=\"pvc_stats total_only  \" data-element-id=\"315\" style=\"\"><i class=\"pvc-stats-icon large\" aria-hidden=\"true\"><svg aria-hidden=\"true\" focusable=\"false\" data-prefix=\"far\" data-icon=\"chart-bar\" role=\"img\" xmlns=\"http:\/\/www.w3.org\/2000\/svg\" viewBox=\"0 0 512 512\" class=\"svg-inline--fa fa-chart-bar fa-w-16 fa-2x\"><path fill=\"currentColor\" d=\"M396.8 352h22.4c6.4 0 12.8-6.4 12.8-12.8V108.8c0-6.4-6.4-12.8-12.8-12.8h-22.4c-6.4 0-12.8 6.4-12.8 12.8v230.4c0 6.4 6.4 12.8 12.8 12.8zm-192 0h22.4c6.4 0 12.8-6.4 12.8-12.8V140.8c0-6.4-6.4-12.8-12.8-12.8h-22.4c-6.4 0-12.8 6.4-12.8 12.8v198.4c0 6.4 6.4 12.8 12.8 12.8zm96 0h22.4c6.4 0 12.8-6.4 12.8-12.8V204.8c0-6.4-6.4-12.8-12.8-12.8h-22.4c-6.4 0-12.8 6.4-12.8 12.8v134.4c0 6.4 6.4 12.8 12.8 12.8zM496 400H48V80c0-8.84-7.16-16-16-16H16C7.16 64 0 71.16 0 80v336c0 17.67 14.33 32 32 32h464c8.84 0 16-7.16 16-16v-16c0-8.84-7.16-16-16-16zm-387.2-48h22.4c6.4 0 12.8-6.4 12.8-12.8v-70.4c0-6.4-6.4-12.8-12.8-12.8h-22.4c-6.4 0-12.8 6.4-12.8 12.8v70.4c0 6.4 6.4 12.8 12.8 12.8z\" class=\"\"><\/path><\/svg><\/i> <img loading=\"lazy\" decoding=\"async\" width=\"16\" height=\"16\" alt=\"Loading\" src=\"http:\/\/www.fernandocorrochano.com\/wp-content\/plugins\/page-views-count\/ajax-loader-2x.gif\" border=0 \/><\/p><div class=\"pvc_clear\"><\/div>\n<div class=\"wp-block-group is-layout-flow wp-block-group-is-layout-flow\"><div class=\"wp-block-group__inner-container\">\n<figure class=\"wp-block-pullquote\"><blockquote><p>Gesti\u00f3n de la Crisis como Consultores <strong>o desde posiciones de <em>Interim Manager<\/em><\/strong><br>Dise\u00f1o y Desarrollo <em>in company<\/em> de Planes Estrat\u00e9gicos<br>Reingenier\u00eda de Procesos de Empresa (BPR)<br>B\u00fasqueda de <em>partners<\/em> con el mismo o complementario&nbsp;<em>core business<\/em>&nbsp;<strong>(Alianzas Estrat\u00e9gicas)<\/strong><br>Segregaci\u00f3n de actividad, unidades o l\u00edneas de negocio<br>Liquidaci\u00f3n o rentabilizaci\u00f3n activos no estrat\u00e9gicos o infrautilizados.<br>Planes de Negocio, Valoraci\u00f3n de Empresas y Cuadernos de Venta<br>Refinanciaci\u00f3n de deuda, prestamizando a largo plazo deuda a corto.<br><strong>Financiaci\u00f3n Alternativa (No Bancaria)<\/strong><\/p><\/blockquote><\/figure>\n<\/div><\/div>\n\n\n\n<p class=\"has-text-align-center has-vivid-cyan-blue-color has-text-color has-medium-font-size\"><strong>INFORMACI\u00d3N CONFIDENCIAL Y SIN COMPROMISO: 656 189 248<\/strong><\/p>\n","protected":false},"excerpt":{"rendered":"<div class=\"pvc_clear\"><\/div>\n<p id=\"pvc_stats_315\" class=\"pvc_stats total_only  \" data-element-id=\"315\" style=\"\"><i class=\"pvc-stats-icon large\" aria-hidden=\"true\"><svg aria-hidden=\"true\" focusable=\"false\" data-prefix=\"far\" data-icon=\"chart-bar\" role=\"img\" xmlns=\"http:\/\/www.w3.org\/2000\/svg\" viewBox=\"0 0 512 512\" class=\"svg-inline--fa fa-chart-bar fa-w-16 fa-2x\"><path fill=\"currentColor\" d=\"M396.8 352h22.4c6.4 0 12.8-6.4 12.8-12.8V108.8c0-6.4-6.4-12.8-12.8-12.8h-22.4c-6.4 0-12.8 6.4-12.8 12.8v230.4c0 6.4 6.4 12.8 12.8 12.8zm-192 0h22.4c6.4 0 12.8-6.4 12.8-12.8V140.8c0-6.4-6.4-12.8-12.8-12.8h-22.4c-6.4 0-12.8 6.4-12.8 12.8v198.4c0 6.4 6.4 12.8 12.8 12.8zm96 0h22.4c6.4 0 12.8-6.4 12.8-12.8V204.8c0-6.4-6.4-12.8-12.8-12.8h-22.4c-6.4 0-12.8 6.4-12.8 12.8v134.4c0 6.4 6.4 12.8 12.8 12.8zM496 400H48V80c0-8.84-7.16-16-16-16H16C7.16 64 0 71.16 0 80v336c0 17.67 14.33 32 32 32h464c8.84 0 16-7.16 16-16v-16c0-8.84-7.16-16-16-16zm-387.2-48h22.4c6.4 0 12.8-6.4 12.8-12.8v-70.4c0-6.4-6.4-12.8-12.8-12.8h-22.4c-6.4 0-12.8 6.4-12.8 12.8v70.4c0 6.4 6.4 12.8 12.8 12.8z\" class=\"\"><\/path><\/svg><\/i> <img loading=\"lazy\" decoding=\"async\" width=\"16\" height=\"16\" alt=\"Loading\" src=\"http:\/\/www.fernandocorrochano.com\/wp-content\/plugins\/page-views-count\/ajax-loader-2x.gif\" border=0 \/><\/p>\n<div class=\"pvc_clear\"><\/div>\n<p>Gesti\u00f3n de la Crisis como Consultores o desde posiciones de Interim ManagerDise\u00f1o y Desarrollo in company de Planes Estrat\u00e9gicosReingenier\u00eda de Procesos de Empresa (BPR)B\u00fasqueda de&hellip;<\/p>\n","protected":false},"author":1,"featured_media":0,"parent":0,"menu_order":0,"comment_status":"closed","ping_status":"closed","template":"","meta":{"_seopress_robots_primary_cat":"","_seopress_titles_title":"","_seopress_titles_desc":"","_seopress_robots_index":"","footnotes":""},"_links":{"self":[{"href":"http:\/\/www.fernandocorrochano.com\/index.php\/wp-json\/wp\/v2\/pages\/315"}],"collection":[{"href":"http:\/\/www.fernandocorrochano.com\/index.php\/wp-json\/wp\/v2\/pages"}],"about":[{"href":"http:\/\/www.fernandocorrochano.com\/index.php\/wp-json\/wp\/v2\/types\/page"}],"author":[{"embeddable":true,"href":"http:\/\/www.fernandocorrochano.com\/index.php\/wp-json\/wp\/v2\/users\/1"}],"replies":[{"embeddable":true,"href":"http:\/\/www.fernandocorrochano.com\/index.php\/wp-json\/wp\/v2\/comments?post=315"}],"version-history":[{"count":14,"href":"http:\/\/www.fernandocorrochano.com\/index.php\/wp-json\/wp\/v2\/pages\/315\/revisions"}],"predecessor-version":[{"id":442,"href":"http:\/\/www.fernandocorrochano.com\/index.php\/wp-json\/wp\/v2\/pages\/315\/revisions\/442"}],"wp:attachment":[{"href":"http:\/\/www.fernandocorrochano.com\/index.php\/wp-json\/wp\/v2\/media?parent=315"}],"curies":[{"name":"wp","href":"https:\/\/api.w.org\/{rel}","templated":true}]}}